{"id":87,"date":"2021-07-20T19:08:59","date_gmt":"2021-07-20T19:08:59","guid":{"rendered":"https:\/\/digitalimpreso.com\/wp\/?page_id=87"},"modified":"2021-07-20T19:09:38","modified_gmt":"2021-07-20T19:09:38","slug":"aviso-de-privacidad","status":"publish","type":"page","link":"https:\/\/digitalimpreso.com\/wp\/aviso-de-privacidad\/","title":{"rendered":"Aviso de Privacidad."},"content":{"rendered":"<p><img loading=\"lazy\" decoding=\"async\" class=\"alignnone wp-image-88\" src=\"https:\/\/digitalimpreso.com\/wp\/wp-content\/uploads\/2021\/07\/lock-icono-300x300.png\" alt=\"\" width=\"120\" height=\"120\" srcset=\"https:\/\/digitalimpreso.com\/wp\/wp-content\/uploads\/2021\/07\/lock-icono.png 300w, https:\/\/digitalimpreso.com\/wp\/wp-content\/uploads\/2021\/07\/lock-icono-150x150.png 150w\" sizes=\"auto, (max-width: 120px) 100vw, 120px\" \/><\/p>\n<p>&nbsp;<\/p>\n<p>DIGITAL IMPRESO con domicilio en Cerrada el Realito # 1302, Fracc. Santa Margarita, Guadalupe, N.L. CP 67140, conforme a lo establecido en la Ley Federal de Protecci\u00f3n de Datos en Posesi\u00f3n de Particulares, pone a disposici\u00f3n de nuestros clientes, proveedores, empleados y p\u00fablico en general, nuestro Aviso de Privacidad.<\/p>\n<p>Los datos personales que nos proporciona son utilizados estrictamente en la realizaci\u00f3n de funciones propias de nuestra empresa y por ning\u00fan motivo ser\u00e1n transferidos a terceros.<\/p>\n<h5>A nuestros clientes les solicitamos los siguientes datos personales:<\/h5>\n<p>I. Nombre, tel\u00e9fono, correo electr\u00f3nico y domicilio para facilitar el proceso de contrataci\u00f3n de nuestro servicio y\/o compra de nuestros productos.<\/p>\n<p>II. Datos financieros como n\u00famero de tarjeta de d\u00e9bito o cr\u00e9dito, nombre del titular, nombre de la instituci\u00f3n bancaria, fecha de vencimiento y c\u00f3digo de seguridad para efectuar los pagos de contrataci\u00f3n y\/o compra correspondientes.<\/p>\n<p>III. RFC para completar los datos de facturaci\u00f3n y realizar el proceso en cuesti\u00f3n.<\/p>\n<h5>A nuestros proveedores solicitamos los siguientes datos personales:<\/h5>\n<p>I. Nombre, tel\u00e9fono, correo electr\u00f3nico y domicilio para facilitar el proceso de contrataci\u00f3n de servicio y\/o compra de productos.<\/p>\n<h5>A nuestros empleados solicitamos los siguientes datos personales:<\/h5>\n<p>I. Nombre, tel\u00e9fono, correo electr\u00f3nico, domicilio, fecha y lugar de nacimiento.<br \/>\nII. Antecedentes laborales, puesto, sueldo y motivo de terminaci\u00f3n laboral en los \u00faltimos cinco empleos.<br \/>\nEn caso de realizar modificaciones al presente Aviso de Privacidad, le informaremos mediante correo electr\u00f3nico, nuestro sitio web oficial, medios impresos y nuestros operadores telef\u00f3nicos.<\/p>\n<p>____________________________________________________<br \/>\nHe le\u00eddo y acepto los t\u00e9rminos del presente Aviso de Privacidad.<\/p>\n","protected":false},"excerpt":{"rendered":"<p>&nbsp; DIGITAL IMPRESO con domicilio en Cerrada el Realito # 1302, Fracc. Santa Margarita, Guadalupe, N.L. CP 67140, conforme a lo establecido en la Ley Federal de Protecci\u00f3n de Datos &#8230;<\/p>\n","protected":false},"author":1,"featured_media":0,"parent":0,"menu_order":0,"comment_status":"closed","ping_status":"closed","template":"","meta":{"pagelayer_contact_templates":[],"_pagelayer_content":"","footnotes":""},"class_list":["post-87","page","type-page","status-publish","hentry"],"_links":{"self":[{"href":"https:\/\/digitalimpreso.com\/wp\/wp-json\/wp\/v2\/pages\/87","targetHints":{"allow":["GET"]}}],"collection":[{"href":"https:\/\/digitalimpreso.com\/wp\/wp-json\/wp\/v2\/pages"}],"about":[{"href":"https:\/\/digitalimpreso.com\/wp\/wp-json\/wp\/v2\/types\/page"}],"author":[{"embeddable":true,"href":"https:\/\/digitalimpreso.com\/wp\/wp-json\/wp\/v2\/users\/1"}],"replies":[{"embeddable":true,"href":"https:\/\/digitalimpreso.com\/wp\/wp-json\/wp\/v2\/comments?post=87"}],"version-history":[{"count":2,"href":"https:\/\/digitalimpreso.com\/wp\/wp-json\/wp\/v2\/pages\/87\/revisions"}],"predecessor-version":[{"id":91,"href":"https:\/\/digitalimpreso.com\/wp\/wp-json\/wp\/v2\/pages\/87\/revisions\/91"}],"wp:attachment":[{"href":"https:\/\/digitalimpreso.com\/wp\/wp-json\/wp\/v2\/media?parent=87"}],"curies":[{"name":"wp","href":"https:\/\/api.w.org\/{rel}","templated":true}]}}