{"id":46,"date":"2021-06-14T16:08:20","date_gmt":"2021-06-14T21:08:20","guid":{"rendered":"https:\/\/digitalimpreso.com\/wp\/about\/"},"modified":"2025-01-31T11:34:49","modified_gmt":"2025-01-31T17:34:49","slug":"about","status":"publish","type":"page","link":"https:\/\/digitalimpreso.com\/wp\/about\/","title":{"rendered":"About"},"content":{"rendered":"\n\n\n<h2>Nosotros<\/h2>\n\n\n\n\n<p style=\"color: rgb(255, 255, 255);\">Tenemos m\u00e1s de 9 a\u00f1os en el mercado, iniciamos operaciones s\u00f3lo con bordado y serigraf\u00eda, actualmente manejamos tambi\u00e9n sublimado, transfer, art\u00edculos promocionales, gorras, bolsas ecol\u00f3gicas, y todo lo que tu empresa necesite para que tus clientes volteen a verte.<\/p>\n\n\n\n\n\n\n\n\n\n\n<h3>Fundaci\u00f3n<\/h3>\n<p style=\"text-align: center\">Iniciamos operaciones en Febrero de 2014, con una bordadora Brother de 6 cabezas.&nbsp;<\/p>\n\n\n\n\n\n\n<h3>Crecimiento<\/h3>\n<p>Gracias a las necesidades de nuestros clientes, fuimos diversificando nuestros productos, ahora, tenemos 2 bordadoras, contamos con taller de serigraf\u00eda y tampograf\u00eda, grabado laser, equipo especializado para anuncios luminosos, rotulaci\u00f3n vehicular, exhibidores, en fin, todo lo que necesites para hacer que tus clientes te vean.<\/p>\n\n\n\n\n\n\n<h3>Nuestra Visi\u00f3n<\/h3>\n<p style=\"text-align: center\">Apoyar siempre a tu empresa, para que los objetivos de crecimiento y posicionamiento de tu marca sea en conjunto con nuestros profesionales de dise\u00f1o y marketing.<\/p>\n\n\n\n\n\n\n\n\n<h3>Nuestras Fortalezas<\/h3>\n\n\n\n\n<p>Nos adaptamos a tus presupuestos, buscando las mejores opciones del mercado.<\/p>\n\n\n<p>Sabemos que en los actuales requerimientos de la industria, son contra reloj, y con tiempos limitados, nos adaptamos a tus requerimientos de entrega.<\/p>\n\n\n<p>Todas nuestras entregas cumplen con los estrictos controles internos de nuestro de departamento de calidad.<\/p>\n\n\n\n","protected":false},"excerpt":{"rendered":"","protected":false},"author":0,"featured_media":0,"parent":0,"menu_order":0,"comment_status":"closed","ping_status":"closed","template":"","meta":{"pagelayer_contact_templates":[],"_pagelayer_content":"","footnotes":""},"class_list":["post-46","page","type-page","status-publish","hentry"],"_links":{"self":[{"href":"https:\/\/digitalimpreso.com\/wp\/wp-json\/wp\/v2\/pages\/46","targetHints":{"allow":["GET"]}}],"collection":[{"href":"https:\/\/digitalimpreso.com\/wp\/wp-json\/wp\/v2\/pages"}],"about":[{"href":"https:\/\/digitalimpreso.com\/wp\/wp-json\/wp\/v2\/types\/page"}],"replies":[{"embeddable":true,"href":"https:\/\/digitalimpreso.com\/wp\/wp-json\/wp\/v2\/comments?post=46"}],"version-history":[{"count":19,"href":"https:\/\/digitalimpreso.com\/wp\/wp-json\/wp\/v2\/pages\/46\/revisions"}],"predecessor-version":[{"id":442,"href":"https:\/\/digitalimpreso.com\/wp\/wp-json\/wp\/v2\/pages\/46\/revisions\/442"}],"wp:attachment":[{"href":"https:\/\/digitalimpreso.com\/wp\/wp-json\/wp\/v2\/media?parent=46"}],"curies":[{"name":"wp","href":"https:\/\/api.w.org\/{rel}","templated":true}]}}